{"id":1089,"date":"2016-11-09T10:38:18","date_gmt":"2016-11-09T08:38:18","guid":{"rendered":"https:\/\/missionpharma.com\/fr\/informations-sur-le-droit-lie-aux-cookies\/"},"modified":"2016-11-11T16:09:09","modified_gmt":"2016-11-11T14:09:09","slug":"informations-sur-le-droit-lie-aux-cookies","status":"publish","type":"page","link":"https:\/\/missionpharma.com\/fr\/informations-sur-le-droit-lie-aux-cookies\/","title":{"rendered":"Informations sur le droit li\u00e9 aux cookies"},"content":{"rendered":"<div class=\"\" id=\"clause-de-non-responsabilite-et-respect-de-la-vie-privee\">\n\t<div class=\"container section toplevel\">\n\t\t<div class=\"title-container\">\n\t\t\t\t\t\t<h2>Clause de non-responsabilit\u00e9 et respect de la vie priv\u00e9e<\/h2>\n\t\t\t\t\t<\/div>\n\t\t<div class=\"left-sidebar\">\n\t\t<div class=\"internal-navigation\">\n\t\t\t\t\t<a href=\"#clause-de-non-responsabilite-et-respect-de-la-vie-privee\" class=\"smooth toplevel active\">Clause de non-responsabilit\u00e9 et respect de la vie priv\u00e9e<\/a>\n\t\t\t\t<\/div>\n\t<\/div>\t\t<div class=\"main-content\">\n\t\t<p class=\"lead\">L\u2019utilisation du site Internet de Missionpharma est soumise aux conditions g\u00e9n\u00e9rales suivantes et \u00e0 toutes les autres lois et r\u00e9glementations en vigueur. <\/p>\n<h3>Conditions g\u00e9n\u00e9rales<\/h3>\n<p><strong>1. Introduction<br \/><\/strong>1.1 Ce site Internet, y compris ses portions et sous-sites \u00e9ventuels, (ci-apr\u00e8s appel\u00e9 le \u00ab\u00a0site Internet\u00a0\u00bb) a \u00e9t\u00e9 cr\u00e9\u00e9 et est g\u00e9r\u00e9 par Missionpharma A\/S, immatricul\u00e9 au registre des soci\u00e9t\u00e9s danois sous le num\u00e9ro\u00a026902398, Vassingeroedvej 9, DK-3540 Lynge, Danemark (ci-apr\u00e8s appel\u00e9 \u00ab\u00a0Missionpharma\u00a0\u00bb).<\/p>\n<p>1.2 Le but de ce site Internet est de vous pr\u00e9senter les activit\u00e9s de Missionpharma. Toutes les informations pr\u00e9sent\u00e9es sur ce site Internet le sont uniquement \u00e0 des fins d\u2019information, sans intention de les substituer \u00e0 des recommandations de professionnels de sant\u00e9. En aucune circonstance les informations pr\u00e9sent\u00e9es sur ce site Internet ne pourront remplacer les conseils et\/ou traitements prodigu\u00e9s par des professionnels de sant\u00e9.<\/p>\n<p>1.3\u00a0Votre utilisation du site Internet et des informations distribu\u00e9es et\/ou des services propos\u00e9s en conjonction avec ce site Internet font l\u2019objet de et sont r\u00e9gis par les conditions g\u00e9n\u00e9rales (appel\u00e9es \u00ab\u00a0conditions g\u00e9n\u00e9rales\u00a0\u00bb), par notre politique de respect de la vie priv\u00e9e expos\u00e9e ci-dessous, ainsi que par tout autre avis publi\u00e9 sur ce site Internet, selon les cas.<\/p>\n<p>1.4\u00a0Votre utilisation du site Internet ou de toute information et de tout contenu pr\u00e9sent\u00e9 dans toute partie du site Internet indique votre acceptation de toutes les conditions et de tous les avis en vigueur. Missionpharma vous incite \u00e0 imprimer et \u00e0 conserver un exemplaire de chacune de ces conditions.<\/p>\n<p><strong>2. Utilisation du contenu et droits d\u2019auteur<br \/><\/strong>2.1 Ce site Internet et son contenu, y compris l\u2019ensemble des textes et images, appartiennent \u00e0 Missionpharma, \u00e0 ses soci\u00e9t\u00e9s affili\u00e9es et\/ou \u00e0 ses donneurs de licence, selon les cas, et sont prot\u00e9g\u00e9s par les lois danoises et internationales sur la propri\u00e9t\u00e9 intellectuelle, y compris les lois sur les droits d\u2019auteur.<\/p>\n<p>2.2\u00a0Ce site Internet et son contenu ont \u00e9t\u00e9 con\u00e7us pour une utilisation personnelle et non commerciale. Aucune modification, reproduction ou distribution de son contenu n\u2019est autoris\u00e9e en aucune mani\u00e8re sans la permission expresse pr\u00e9alable de Missionpharma, sauf d\u00e9claration expresse contraire sur le site Internet.<\/p>\n<p>2.3 Toute information, de quelque nature que ce soit, envoy\u00e9e \u00e0 Missionpharma concernant le site Internet ou via le site Internet, appartiendra \u00e0 Missionpharma et pourra \u00eatre utilis\u00e9e sans aucune limitation par Missionpharma.<\/p>\n<p><strong>3. Liens vers des sites Internet tiers<br \/><\/strong>3.1 Les liens vers d\u2019autres sites Internet sont indiqu\u00e9s comme un service aux utilisateurs de ce site Internet. Missionpharma, ses soci\u00e9t\u00e9s affili\u00e9es, ses donneurs de licence, ses partenaires et ses prestataires de donn\u00e9es ne reconnaissent aucune responsabilit\u00e9 ni obligation concernant le contenu ou le fonctionnement de ces sites Internet tiers, et ne pourront pas \u00eatre poursuivies en cas de dommages, pertes ou blessures en rapport direct ou indirect avec leur contenu ou fonctionnement.<\/p>\n<p><strong>4. Clause de non-responsabilit\u00e9 et limitation de responsabilit\u00e9<\/strong> <br \/>4.1 Missionpharma entend veiller \u00e0 ce que le contenu de ce site Internet soit pr\u00e9cis et \u00e0 jour.<\/p>\n<p>4.2 Toutefois, Missionpharma, ses soci\u00e9t\u00e9s affili\u00e9es, ses donneurs de licence, ses partenaires et ses prestataires de donn\u00e9es ne sont li\u00e9s par aucune garantie, obligation ni responsabilit\u00e9, expresse ou implicite, concernant le contenu, y compris, sans limitation, en termes de pr\u00e9cision, de chronologie, de promptitude ou de compl\u00e9tude.<\/p>\n<p>4.3 Missionpharma, ses soci\u00e9t\u00e9 affili\u00e9es, ses donneurs de licence, ses partenaires et ses prestataires de donn\u00e9es d\u00e9clinent toute responsabilit\u00e9 de quelque nature que ce soit \u00e9manant de ou li\u00e9e \u00e0 votre utilisation de ce site Internet, y compris, sans limitation, son contenu, et Missionpharma, ses soci\u00e9t\u00e9s affili\u00e9es, ses donneurs de licence, ses partenaires et ses prestataires de donn\u00e9es ne pourront en aucun cas \u00eatre tenus responsables de tout dommage, perte ou blessure r\u00e9sultant directement ou indirectement de votre acc\u00e8s \u00e0 ou de votre utilisation de ce site Internet ou de votre confiance envers les informations fournies.<\/p>\n<p>4.4 Missionpharma, ses soci\u00e9t\u00e9s affili\u00e9es, ses donneurs de licence, ses partenaires et ses prestataires de donn\u00e9es d\u00e9clinent toute responsabilit\u00e9 concernant toute perte, tout dommage, toute occasion manqu\u00e9e, tout b\u00e9n\u00e9fice perdu direct(e), indirect(e), accessoire, cons\u00e9cutif\/ve ou exemplaire ou toute autre perte ou tout autre dommage de quelque nature que ce soit. Sans limiter les g\u00e9n\u00e9ralit\u00e9s susmentionn\u00e9es, il est express\u00e9ment compris que cette limitation inclut tout dommage et tout virus qui pourrait affecter votre \u00e9quipement informatique.<\/p>\n<p>4.5 Des clauses de non-responsabilit\u00e9 et des limitations suppl\u00e9mentaires peuvent s\u2019appliquer \u00e0 des portions sp\u00e9cifiques du site Internet.<\/p>\n<p><strong>5. L\u00e9gislation applicable et juridiction<\/strong> <br \/>5.1 Ces conditions g\u00e9n\u00e9rales seront r\u00e9gies par et interpr\u00e9t\u00e9es selon les lois du Royaume du Danemark, sans tenir compte des r\u00e8gles r\u00e9gissant les conflits de lois. Tout litige \u00e9manant de ou en rapport avec l\u2019utilisation de ce site Internet tombera sous la juridiction exclusive des tribunaux du Royaume du Danemark.<\/p>\n<p>\u00a0<\/p>\n<h3>Politique de respect de la vie priv\u00e9e<\/h3>\n<p><strong>1. Informations g\u00e9n\u00e9rales<br \/><\/strong>1.1 Missionpharma A\/S, immatricul\u00e9 au registre des soci\u00e9t\u00e9s sous le num\u00e9ro 26902398, Vassingeroedvej 9, DK-3540 Lynge, Danemark (\u00ab\u00a0Missionpharma\u00a0\u00bb) vous propose certains services (les \u00ab\u00a0services\u00a0\u00bb) en conjonction avec le site Internet (appel\u00e9 le \u00ab\u00a0site Internet\u00a0\u00bb) dans la mesure sp\u00e9cifique et dans les limites de temps \u00e9ventuellement convenues entre vous et Missionpharma.<\/p>\n<p>1.2\u00a0Votre vie priv\u00e9e est importante pour Missionpharma, qui s\u2019engage donc \u00e0 la respecter, ainsi que la confidentialit\u00e9 de vos donn\u00e9es personnelles. Cette politique de respect de la vie priv\u00e9e (la \u00ab\u00a0politique de respect de la vie priv\u00e9e\u00a0\u00bb) expose quelles donn\u00e9es personnelles sont collect\u00e9es par Missionpharma quand vous utilisez les services et la fa\u00e7on dont ces donn\u00e9es personnelles sont trait\u00e9es par Missionpharma.<\/p>\n<p><strong>2. Collecte des donn\u00e9es personnelles<\/strong> <br \/>2.1\u00a0Quand vous utilisez les services de Missionpharma, Missionpharma pourra &#8211; selon les circonstances &#8211; collecter les donn\u00e9es personnelles suivantes\u00a0: votre nom, votre adresse IP, la date et l\u2019heure de votre acc\u00e8s au site et aux services, votre fin de session, votre consommation de donn\u00e9es lors de chaque transaction \/ connexion aux services et votre lieu d\u2019acc\u00e8s.<\/p>\n<p><strong>3. Utilisation de vos donn\u00e9es personnelles par Missionpharma<\/strong> <br \/>3.1\u00a0Nous collectons vos donn\u00e9es personnelles afin de vous fournir les services que vous avez demand\u00e9s. En outre, nous pouvons collecter vos donn\u00e9es personnelles afin de r\u00e9soudre des litiges, de comparer l\u2019exactitude d\u2019informations, de v\u00e9rifier votre identit\u00e9 et de nous conformer avec les exigences juridiques du droit danois.<\/p>\n<p>3.2\u00a0Vos donn\u00e9es personnelles seront trait\u00e9es seulement sous forme de groupe interne au sein des entit\u00e9s et entreprises appartenant \u00e0 Missionpharma, y compris ses filiales et soci\u00e9t\u00e9s associ\u00e9es. Missionpharma ne transf\u00e9rera pas vos donn\u00e9es \u00e0 un tiers externe \u00e0 Missionpharma sans avoir obtenu votre permission pr\u00e9alable expresse, sauf obligation impos\u00e9e par le droit danois. Missionpharma n\u2019utilisera pas vos donn\u00e9es personnelles \u00e0 des fins de marketing sans votre autorisation pr\u00e9alable expresse.<\/p>\n<p>3.3 Missionpharma traitera et stockera vos donn\u00e9es personnelles aussi longtemps que n\u00e9cessaire. Cependant, vos donn\u00e9es personnelles ne seront pas trait\u00e9es et stock\u00e9es pendant plus de six ans.<\/p>\n<p><strong>4. Protection de vos donn\u00e9es personnelles par Missionpharma<\/strong> <br \/>4.1 Missionpharma prend toutes les mesures de s\u00e9curit\u00e9 organisationnelles et techniques appropri\u00e9es afin de prot\u00e9ger vos donn\u00e9es personnelles.<\/p>\n<p><strong>5. Cookies<\/strong> <br \/>5.1 Missionpharma peut utiliser des cookies sur le site Internet. Les cookies permettent \u00e0 Missionpharma de vous prodiguer une exp\u00e9rience am\u00e9lior\u00e9e en permettant \u00e0 Missionpharma de comprendre quelles parties du site Internet vous int\u00e9ressent particuli\u00e8rement. Les cookies sont de petits fichiers de texte qui suivent et capturent des informations telles que l\u2019heure, la date, le type de navigateur, etc.<\/p>\n<p><strong>6. Acc\u00e8s \u00e0 vos donn\u00e9es personnelles, etc.<\/strong> <br \/>6.1 Vous avez le droit d\u2019acc\u00e9der aux donn\u00e9es trait\u00e9es sur vous par Missionpharma, mais dans certaines limitations juridiques. Vous avez \u00e9galement le droit de vous opposer au traitement de vos donn\u00e9es personnelles et de rectifier les donn\u00e9es trait\u00e9es si besoin est.<\/p>\n<p>6.2 Si vous souhaitez exercer votre droit d\u2019acc\u00e8s \u00e0 vos donn\u00e9es personnelles, vous opposer \u00e0 leur traitement ou rectifier vos donn\u00e9es trait\u00e9es, contactez-nous \u00e0 <a href=\"mailto:info@missionpharma.com\">info@missionpharma.com<\/a> ou \u00e9crivez-nous \u00e0 l\u2019adresse suivante\u00a0:<\/p>\n<p>Missionpharma A\/S<br \/>\nVassingeroedvej 9<br \/>\n3540 Lynge<br \/>\nDanemark<\/p>\n<p><strong>7. <\/strong><strong>Modifications de la politique de respect de la vie priv\u00e9e<\/strong> <br \/>7.1 Missionpharma se r\u00e9serve le droit, \u00e0 son enti\u00e8re discr\u00e9tion, de modifier, ajouter ou supprimer toute condition de sa politique de respect de la vie priv\u00e9e. Tout changement apport\u00e9 \u00e0 cette politique de respect de la vie priv\u00e9e entrera en vigueur d\u00e8s la publication de ces changements sur le site Internet. La version la plus r\u00e9cente de cette politique de respect de la vie priv\u00e9e se trouvera toujours sur ce site Internet.<\/p>\n<p><strong>8. L\u00e9gislation applicable et juridiction<\/strong> <br \/>8.1 Cette politique de respect de la vie priv\u00e9e est r\u00e9gie par et interpr\u00e9t\u00e9e selon les lois du Royaume du Danemark, sans tenir compte des r\u00e8gles r\u00e9gissant les conflits de lois. Tout litige \u00e9manant de ou en rapport avec l\u2019utilisation de ce site Internet tombera sous la juridiction exclusive des tribunaux du Royaume du Danemark.<\/p>\n\t\t<\/div>\n\t\t<div class=\"right-sidebar\">\n<\/div>\t<\/div>\n<\/div>\n","protected":false},"excerpt":{"rendered":"<p>Clause de non-responsabilit\u00e9 et respect de la vie priv\u00e9e Clause de non-responsabilit\u00e9 et respect de la vie priv\u00e9e L\u2019utilisation du site Internet de Missionpharma est soumise aux conditions g\u00e9n\u00e9rales suivantes et \u00e0 toutes les autres lois et r\u00e9glementations en vigueur. Conditions g\u00e9n\u00e9rales 1. Introduction1.1 Ce site Internet, y compris ses portions et sous-sites \u00e9ventuels, (ci-apr\u00e8s [&hellip;]<\/p>\n","protected":false},"author":4,"featured_media":0,"parent":0,"menu_order":0,"comment_status":"closed","ping_status":"closed","template":"","meta":{"_acf_changed":false,"_relevanssi_hide_post":"","_relevanssi_hide_content":"","_relevanssi_pin_for_all":"","_relevanssi_pin_keywords":"","_relevanssi_unpin_keywords":"","_relevanssi_related_keywords":"","_relevanssi_related_include_ids":"","_relevanssi_related_exclude_ids":"","_relevanssi_related_no_append":"","_relevanssi_related_not_related":"","_relevanssi_related_posts":"","_relevanssi_noindex_reason":"","_monsterinsights_skip_tracking":false,"_monsterinsights_sitenote_active":false,"_monsterinsights_sitenote_note":"","_monsterinsights_sitenote_category":0,"footnotes":""},"class_list":["post-1089","page","type-page","status-publish","hentry"],"acf":[],"yoast_head":"<!-- This site is optimized with the Yoast SEO plugin v27.5 - https:\/\/yoast.com\/product\/yoast-seo-wordpress\/ -->\n<title>Informations sur le droit li\u00e9 aux cookies - Missionpharma<\/title>\n<meta name=\"robots\" content=\"index, follow, max-snippet:-1, max-image-preview:large, max-video-preview:-1\" \/>\n<link rel=\"canonical\" href=\"https:\/\/missionpharma.com\/fr\/informations-sur-le-droit-lie-aux-cookies\/\" \/>\n<meta property=\"og:locale\" content=\"fr_FR\" \/>\n<meta property=\"og:type\" content=\"article\" \/>\n<meta property=\"og:title\" content=\"Informations sur le droit li\u00e9 aux cookies - Missionpharma\" \/>\n<meta property=\"og:description\" content=\"Clause de non-responsabilit\u00e9 et respect de la vie priv\u00e9e Clause de non-responsabilit\u00e9 et respect de la vie priv\u00e9e L\u2019utilisation du site Internet de Missionpharma est soumise aux conditions g\u00e9n\u00e9rales suivantes et \u00e0 toutes les autres lois et r\u00e9glementations en vigueur. Conditions g\u00e9n\u00e9rales 1. Introduction1.1 Ce site Internet, y compris ses portions et sous-sites \u00e9ventuels, (ci-apr\u00e8s [&hellip;]\" \/>\n<meta property=\"og:url\" content=\"https:\/\/missionpharma.com\/fr\/informations-sur-le-droit-lie-aux-cookies\/\" \/>\n<meta property=\"og:site_name\" content=\"Missionpharma\" \/>\n<meta property=\"article:modified_time\" content=\"2016-11-11T14:09:09+00:00\" \/>\n<meta name=\"twitter:card\" content=\"summary_large_image\" \/>\n<script type=\"application\/ld+json\" class=\"yoast-schema-graph\">{\"@context\":\"https:\\\/\\\/schema.org\",\"@graph\":[{\"@type\":\"WebPage\",\"@id\":\"https:\\\/\\\/missionpharma.com\\\/fr\\\/informations-sur-le-droit-lie-aux-cookies\\\/\",\"url\":\"https:\\\/\\\/missionpharma.com\\\/fr\\\/informations-sur-le-droit-lie-aux-cookies\\\/\",\"name\":\"Informations sur le droit li\u00e9 aux cookies - Missionpharma\",\"isPartOf\":{\"@id\":\"https:\\\/\\\/missionpharma.com\\\/#website\"},\"datePublished\":\"2016-11-09T08:38:18+00:00\",\"dateModified\":\"2016-11-11T14:09:09+00:00\",\"breadcrumb\":{\"@id\":\"https:\\\/\\\/missionpharma.com\\\/fr\\\/informations-sur-le-droit-lie-aux-cookies\\\/#breadcrumb\"},\"inLanguage\":\"fr-FR\",\"potentialAction\":[{\"@type\":\"ReadAction\",\"target\":[\"https:\\\/\\\/missionpharma.com\\\/fr\\\/informations-sur-le-droit-lie-aux-cookies\\\/\"]}]},{\"@type\":\"BreadcrumbList\",\"@id\":\"https:\\\/\\\/missionpharma.com\\\/fr\\\/informations-sur-le-droit-lie-aux-cookies\\\/#breadcrumb\",\"itemListElement\":[{\"@type\":\"ListItem\",\"position\":1,\"name\":\"Home\",\"item\":\"https:\\\/\\\/missionpharma.com\\\/fr\\\/\"},{\"@type\":\"ListItem\",\"position\":2,\"name\":\"Informations sur le droit li\u00e9 aux cookies\"}]},{\"@type\":\"WebSite\",\"@id\":\"https:\\\/\\\/missionpharma.com\\\/#website\",\"url\":\"https:\\\/\\\/missionpharma.com\\\/\",\"name\":\"Missionpharma\",\"description\":\"On a mission for better health\",\"potentialAction\":[{\"@type\":\"SearchAction\",\"target\":{\"@type\":\"EntryPoint\",\"urlTemplate\":\"https:\\\/\\\/missionpharma.com\\\/?s={search_term_string}\"},\"query-input\":{\"@type\":\"PropertyValueSpecification\",\"valueRequired\":true,\"valueName\":\"search_term_string\"}}],\"inLanguage\":\"fr-FR\"}]}<\/script>\n<!-- \/ Yoast SEO plugin. -->","yoast_head_json":{"title":"Informations sur le droit li\u00e9 aux cookies - Missionpharma","robots":{"index":"index","follow":"follow","max-snippet":"max-snippet:-1","max-image-preview":"max-image-preview:large","max-video-preview":"max-video-preview:-1"},"canonical":"https:\/\/missionpharma.com\/fr\/informations-sur-le-droit-lie-aux-cookies\/","og_locale":"fr_FR","og_type":"article","og_title":"Informations sur le droit li\u00e9 aux cookies - Missionpharma","og_description":"Clause de non-responsabilit\u00e9 et respect de la vie priv\u00e9e Clause de non-responsabilit\u00e9 et respect de la vie priv\u00e9e L\u2019utilisation du site Internet de Missionpharma est soumise aux conditions g\u00e9n\u00e9rales suivantes et \u00e0 toutes les autres lois et r\u00e9glementations en vigueur. Conditions g\u00e9n\u00e9rales 1. Introduction1.1 Ce site Internet, y compris ses portions et sous-sites \u00e9ventuels, (ci-apr\u00e8s [&hellip;]","og_url":"https:\/\/missionpharma.com\/fr\/informations-sur-le-droit-lie-aux-cookies\/","og_site_name":"Missionpharma","article_modified_time":"2016-11-11T14:09:09+00:00","twitter_card":"summary_large_image","schema":{"@context":"https:\/\/schema.org","@graph":[{"@type":"WebPage","@id":"https:\/\/missionpharma.com\/fr\/informations-sur-le-droit-lie-aux-cookies\/","url":"https:\/\/missionpharma.com\/fr\/informations-sur-le-droit-lie-aux-cookies\/","name":"Informations sur le droit li\u00e9 aux cookies - Missionpharma","isPartOf":{"@id":"https:\/\/missionpharma.com\/#website"},"datePublished":"2016-11-09T08:38:18+00:00","dateModified":"2016-11-11T14:09:09+00:00","breadcrumb":{"@id":"https:\/\/missionpharma.com\/fr\/informations-sur-le-droit-lie-aux-cookies\/#breadcrumb"},"inLanguage":"fr-FR","potentialAction":[{"@type":"ReadAction","target":["https:\/\/missionpharma.com\/fr\/informations-sur-le-droit-lie-aux-cookies\/"]}]},{"@type":"BreadcrumbList","@id":"https:\/\/missionpharma.com\/fr\/informations-sur-le-droit-lie-aux-cookies\/#breadcrumb","itemListElement":[{"@type":"ListItem","position":1,"name":"Home","item":"https:\/\/missionpharma.com\/fr\/"},{"@type":"ListItem","position":2,"name":"Informations sur le droit li\u00e9 aux cookies"}]},{"@type":"WebSite","@id":"https:\/\/missionpharma.com\/#website","url":"https:\/\/missionpharma.com\/","name":"Missionpharma","description":"On a mission for better health","potentialAction":[{"@type":"SearchAction","target":{"@type":"EntryPoint","urlTemplate":"https:\/\/missionpharma.com\/?s={search_term_string}"},"query-input":{"@type":"PropertyValueSpecification","valueRequired":true,"valueName":"search_term_string"}}],"inLanguage":"fr-FR"}]}},"_links":{"self":[{"href":"https:\/\/missionpharma.com\/fr\/wp-json\/wp\/v2\/pages\/1089","targetHints":{"allow":["GET"]}}],"collection":[{"href":"https:\/\/missionpharma.com\/fr\/wp-json\/wp\/v2\/pages"}],"about":[{"href":"https:\/\/missionpharma.com\/fr\/wp-json\/wp\/v2\/types\/page"}],"author":[{"embeddable":true,"href":"https:\/\/missionpharma.com\/fr\/wp-json\/wp\/v2\/users\/4"}],"replies":[{"embeddable":true,"href":"https:\/\/missionpharma.com\/fr\/wp-json\/wp\/v2\/comments?post=1089"}],"version-history":[{"count":0,"href":"https:\/\/missionpharma.com\/fr\/wp-json\/wp\/v2\/pages\/1089\/revisions"}],"wp:attachment":[{"href":"https:\/\/missionpharma.com\/fr\/wp-json\/wp\/v2\/media?parent=1089"}],"curies":[{"name":"wp","href":"https:\/\/api.w.org\/{rel}","templated":true}]}}