{"id":1091,"date":"2016-11-09T10:38:43","date_gmt":"2016-11-09T08:38:43","guid":{"rendered":"https:\/\/missionpharma.com\/fr\/contact\/"},"modified":"2025-10-24T10:07:00","modified_gmt":"2025-10-24T08:07:00","slug":"contact","status":"publish","type":"page","link":"https:\/\/missionpharma.com\/fr\/contact\/","title":{"rendered":"Contact"},"content":{"rendered":"<div class=\"\" id=\"siege-social\">\n\t<div class=\"container section toplevel\">\n\t\t<div class=\"title-container\">\n\t\t\t\t\t\t<h1>Si\u00e8ge social<\/h1>\n\t\t\t\t\t<\/div>\n\t\t<div class=\"left-sidebar\">\n\t\t<div class=\"internal-navigation\">\n\t\t\t\t\t<a href=\"#siege-social\" class=\"smooth toplevel active\">Si\u00e8ge social<\/a>\n\t\t\t\t\t\t\t<a href=\"#filiales\" class=\"smooth toplevel \">Filiales<\/a>\n\t\t\t\t\t\t\t<a href=\"#contactez-nous\" class=\"smooth toplevel \">Contactez-nous<\/a>\n\t\t\t\t<\/div>\n\t<\/div>\t\t<div class=\"main-content\">\n\t\t<h4>Missionpharma A\/S<\/h4>\n<p>Vassingeroedvej 9 <br \/>\nDK-3540 Lynge <br \/>\nDanemark <\/p>\n<p>T\u00e9l.\u00a0: +45 48 16 32 00 <br \/>\nProbl\u00e8mes de qualit\u00e9\u00a0: +45 91 89 46 73 <br \/>\n<a href=\"mailto:info@missionpharma.com\">info@missionpharma.com<\/a><\/p>\n\t\t<\/div>\n\t\t<div class=\"right-sidebar\">\n<div class=\"wysiwyg\"><p><iframe loading=\"lazy\" width=\"375\" height=\"300\" style=\"border: 0px currentColor;\" allowfullscreen=\"allowfullscreen\" frameborder=\"0\" src=\"https:\/\/www.google.com\/maps\/embed?pb=!1m18!1m12!1m3!1d2240.495979874396!2d12.316593815958303!3d55.83670718057587!2m3!1f0!2f0!3f0!3m2!1i1024!2i768!4f13.1!3m3!1m2!1s0x465244141a5dae8f%3A0xe9bf75715ce66df!2sMissionpharma+A%2FS!5e0!3m2!1sda!2sdk!4v1472029144705 &#038;z=9\"><\/iframe><\/p>\n<\/div>\n<\/div>\t<\/div>\n<\/div>\n<div class=\"grey-bg\" id=\"filiales\">\n\t<div class=\"container section toplevel\">\n\t\t<div class=\"title-container\">\n\t\t\t\t\t\t<h2>Filiales<\/h2>\n\t\t\t\t\t<\/div>\n\t\t<div class=\"left-sidebar\">\n\t\t<div class=\"internal-navigation\">\n\t\t\t\t\t<a href=\"#siege-social\" class=\"smooth toplevel \">Si\u00e8ge social<\/a>\n\t\t\t\t\t\t\t<a href=\"#filiales\" class=\"smooth toplevel active\">Filiales<\/a>\n\t\t\t\t\t\t\t<a href=\"#contactez-nous\" class=\"smooth toplevel \">Contactez-nous<\/a>\n\t\t\t\t<\/div>\n\t<\/div>\t\t<div class=\"main-content\">\n\t\t<p class=\"lead\">Chaque ann\u00e9e, nos produits et services atteignent des millions de personnes &#8211; un r\u00e9sultat rendu possible gr\u00e2ce \u00e0 notre structure mondiale.<\/p>\n<h4>Missionpharma Logistics India Pvt. Ltd.<\/h4>\n<p>Plot No. 5A\/I-II-III, Sector-3<br \/>\nKandla Special Economic Zone<br \/>\nGandhidham (Gujarat) &#8211; 370230<br \/>\nInde<\/p>\n<p><a href=\"https:\/\/www.google.com\/maps\/place\/Missionpharma+Logistics+(I)+Private+Limited\/@23.031386,70.1164026,16z\/data=!4m5!3m4!1s0x0:0xd0914aa84dc1498c!8m2!3d23.029701!4d70.1210804?hl=en\" target=\"_blank\" rel=\"noopener\">Voir sur Google Maps<\/a><\/p>\n<p>\u00a0<\/p>\n<h4>Mifamed Medical Pvt. Ltd.<\/h4>\n<p>\n(membre du groupe Missionpharma)<br \/>\n315 3rd Floor, Zodiac Square,<br \/>\nOpp. Gurudwara, S.G. Highway,<br \/>\nBodakdev, Ahmedabad &#8211; 380 054<br \/>\nGujarat, Inde<\/p>\n<p>\n<a href=\"https:\/\/www.google.co.in\/maps\/place\/Zodiac+Square\/@23.0456499,72.5138149,17z\/data=!4m5!3m4!1s0x395e9b52132fcf19:0xe66d59d0cc5792e6!8m2!3d23.045645!4d72.516009\" target=\"_blank\" rel=\"noopener\">Voir sur Google Maps<\/a>\n<\/p>\n<p>\u00a0<\/p>\n<h4>Missionpharma Shanghai<\/h4>\n<p>\n3\/F, Fu Xing Building<br \/>\nNo. 139 Rui Jin Road (No.1)<br \/>\nShanghai, 200020<br \/>\nR.P. de Chine<\/p>\n<p><a href=\"https:\/\/www.google.com\/maps\/@31.2186971,121.4620995,17z?hl=en\" target=\"_blank\" rel=\"noopener\">Voir sur Google Maps<\/a><\/p>\n<p>Lisez ce qui suit pour en savoir plus sur notre <a href=\"https:\/\/missionpharma.com\/fr\/groupe\/\">groupe<\/a>.<\/p>\n\t\t<\/div>\n\t\t<div class=\"right-sidebar\">\n<div class=\"wysiwyg\"><p><a href=\"https:\/\/cfaohealthcare.com\/\" target=\"_blank\" rel=\"noopener\"><img loading=\"lazy\" decoding=\"async\" src=\"https:\/\/missionpharma.com\/wp-content\/uploads\/CFAO_HEALTHCARE.png\" alt=\"\" width=\"300\" height=\"117\" class=\"alignnone size-full wp-image-2396\" \/><\/a><\/p>\n<p><span style=\"color: #363c5a;\">Missionpharma fait partie de CFAO Healthcare \u2013 un distributeur de premier plan de produits pharmaceutiques de marque destin\u00e9s au march\u00e9 priv\u00e9 en Afrique. <a href=\"https:\/\/missionpharma.com\/fr\/groupe\/\" target=\"_blank\" rel=\"noopener\">En savoir plus<\/a><\/span><\/p>\n<\/div>\n<\/div>\t<\/div>\n<\/div>\n<div class=\"\" id=\"contactez-nous\">\n\t<div class=\"container section toplevel\">\n\t\t<div class=\"title-container\">\n\t\t\t\t\t\t<h2>Contactez-nous<\/h2>\n\t\t\t\t\t<\/div>\n\t\t<div class=\"left-sidebar\">\n\t\t<div class=\"internal-navigation\">\n\t\t\t\t\t<a href=\"#siege-social\" class=\"smooth toplevel \">Si\u00e8ge social<\/a>\n\t\t\t\t\t\t\t<a href=\"#filiales\" class=\"smooth toplevel \">Filiales<\/a>\n\t\t\t\t\t\t\t<a href=\"#contactez-nous\" class=\"smooth toplevel active\">Contactez-nous<\/a>\n\t\t\t\t<\/div>\n\t<\/div>\t\t<div class=\"main-content\">\n\t\t<p class=\"lead\">Suivez-nous sur LinkedIn pour rester inform\u00e9 de nos activit\u00e9s et des opportunit\u00e9s d\u2019emploi potentielles.<\/p>\n<p><img loading=\"lazy\" decoding=\"async\" width=\"500\" height=\"333\" class=\"alignnone size-full wp-image-564\" alt=\"MP headquarters 2\" src=\"https:\/\/missionpharma.com\/wp-content\/uploads\/2016\/08\/MP-headquarters-2.jpg\" \/><\/p>\n\t\t<\/div>\n\t\t<div class=\"right-sidebar\">\n<div class=\"wysiwyg\"><h4>Suivez-nous sur\u00a0:<\/h4>\n<div class=\"btn-group\"><a href=\"https:\/\/www.linkedin.com\/company\/42637?trk=tyah&#038;trkInfo=clickedVertical%3Acompany%2CclickedEntityId%3A42637%2Cidx%3A4-1-4%2CtarId%3A1471940894211%2Ctas%3Amissionpharma\"><i class=\"fa fa-linkedin-square fa-3x\" style=\"display: inline-block; padding: 8px 8px 8px 0;\"><\/i><\/a><\/div>\n<\/div>\n<\/div>\t<\/div>\n<\/div>\n","protected":false},"excerpt":{"rendered":"<p>Si\u00e8ge social Si\u00e8ge social Filiales Contactez-nous Missionpharma A\/S Vassingeroedvej 9 DK-3540 Lynge Danemark T\u00e9l.\u00a0: +45 48 16 32 00 Probl\u00e8mes de qualit\u00e9\u00a0: +45 91 89 46 73 info@missionpharma.com Filiales Si\u00e8ge social Filiales Contactez-nous Chaque ann\u00e9e, nos produits et services atteignent des millions de personnes &#8211; un r\u00e9sultat rendu possible gr\u00e2ce \u00e0 notre structure mondiale. Missionpharma [&hellip;]<\/p>\n","protected":false},"author":4,"featured_media":0,"parent":0,"menu_order":0,"comment_status":"closed","ping_status":"closed","template":"","meta":{"_acf_changed":false,"_relevanssi_hide_post":"","_relevanssi_hide_content":"","_relevanssi_pin_for_all":"","_relevanssi_pin_keywords":"","_relevanssi_unpin_keywords":"","_relevanssi_related_keywords":"","_relevanssi_related_include_ids":"","_relevanssi_related_exclude_ids":"","_relevanssi_related_no_append":"","_relevanssi_related_not_related":"","_relevanssi_related_posts":"","_relevanssi_noindex_reason":"","_monsterinsights_skip_tracking":false,"_monsterinsights_sitenote_active":false,"_monsterinsights_sitenote_note":"","_monsterinsights_sitenote_category":0,"footnotes":""},"class_list":["post-1091","page","type-page","status-publish","hentry"],"acf":[],"yoast_head":"<!-- This site is optimized with the Yoast SEO plugin v27.4 - https:\/\/yoast.com\/product\/yoast-seo-wordpress\/ -->\n<title>Missionpharma - Contacts<\/title>\n<meta name=\"description\" content=\"Notre si\u00e8ge se trouve au Danemark et nous avons des filiales et bureaux r\u00e9gionaux en Europe, Inde, Chine et Afrique.\" \/>\n<meta name=\"robots\" content=\"index, follow, max-snippet:-1, max-image-preview:large, max-video-preview:-1\" \/>\n<link rel=\"canonical\" href=\"https:\/\/missionpharma.com\/fr\/contact\/\" \/>\n<meta property=\"og:locale\" content=\"fr_FR\" \/>\n<meta property=\"og:type\" content=\"article\" \/>\n<meta property=\"og:title\" content=\"Missionpharma - Contacts\" \/>\n<meta property=\"og:description\" content=\"Notre si\u00e8ge se trouve au Danemark et nous avons des filiales et bureaux r\u00e9gionaux en Europe, Inde, Chine et Afrique.\" \/>\n<meta property=\"og:url\" content=\"https:\/\/missionpharma.com\/fr\/contact\/\" \/>\n<meta property=\"og:site_name\" content=\"Missionpharma\" \/>\n<meta property=\"article:modified_time\" content=\"2025-10-24T08:07:00+00:00\" \/>\n<meta name=\"twitter:card\" content=\"summary_large_image\" \/>\n<script type=\"application\/ld+json\" class=\"yoast-schema-graph\">{\"@context\":\"https:\\\/\\\/schema.org\",\"@graph\":[{\"@type\":\"WebPage\",\"@id\":\"https:\\\/\\\/missionpharma.com\\\/fr\\\/contact\\\/\",\"url\":\"https:\\\/\\\/missionpharma.com\\\/fr\\\/contact\\\/\",\"name\":\"Missionpharma - Contacts\",\"isPartOf\":{\"@id\":\"https:\\\/\\\/missionpharma.com\\\/#website\"},\"datePublished\":\"2016-11-09T08:38:43+00:00\",\"dateModified\":\"2025-10-24T08:07:00+00:00\",\"description\":\"Notre si\u00e8ge se trouve au Danemark et nous avons des filiales et bureaux r\u00e9gionaux en Europe, Inde, Chine et Afrique.\",\"breadcrumb\":{\"@id\":\"https:\\\/\\\/missionpharma.com\\\/fr\\\/contact\\\/#breadcrumb\"},\"inLanguage\":\"fr-FR\",\"potentialAction\":[{\"@type\":\"ReadAction\",\"target\":[\"https:\\\/\\\/missionpharma.com\\\/fr\\\/contact\\\/\"]}]},{\"@type\":\"BreadcrumbList\",\"@id\":\"https:\\\/\\\/missionpharma.com\\\/fr\\\/contact\\\/#breadcrumb\",\"itemListElement\":[{\"@type\":\"ListItem\",\"position\":1,\"name\":\"Home\",\"item\":\"https:\\\/\\\/missionpharma.com\\\/fr\\\/\"},{\"@type\":\"ListItem\",\"position\":2,\"name\":\"Contact\"}]},{\"@type\":\"WebSite\",\"@id\":\"https:\\\/\\\/missionpharma.com\\\/#website\",\"url\":\"https:\\\/\\\/missionpharma.com\\\/\",\"name\":\"Missionpharma\",\"description\":\"On a mission for better health\",\"potentialAction\":[{\"@type\":\"SearchAction\",\"target\":{\"@type\":\"EntryPoint\",\"urlTemplate\":\"https:\\\/\\\/missionpharma.com\\\/?s={search_term_string}\"},\"query-input\":{\"@type\":\"PropertyValueSpecification\",\"valueRequired\":true,\"valueName\":\"search_term_string\"}}],\"inLanguage\":\"fr-FR\"}]}<\/script>\n<!-- \/ Yoast SEO plugin. -->","yoast_head_json":{"title":"Missionpharma - Contacts","description":"Notre si\u00e8ge se trouve au Danemark et nous avons des filiales et bureaux r\u00e9gionaux en Europe, Inde, Chine et Afrique.","robots":{"index":"index","follow":"follow","max-snippet":"max-snippet:-1","max-image-preview":"max-image-preview:large","max-video-preview":"max-video-preview:-1"},"canonical":"https:\/\/missionpharma.com\/fr\/contact\/","og_locale":"fr_FR","og_type":"article","og_title":"Missionpharma - Contacts","og_description":"Notre si\u00e8ge se trouve au Danemark et nous avons des filiales et bureaux r\u00e9gionaux en Europe, Inde, Chine et Afrique.","og_url":"https:\/\/missionpharma.com\/fr\/contact\/","og_site_name":"Missionpharma","article_modified_time":"2025-10-24T08:07:00+00:00","twitter_card":"summary_large_image","schema":{"@context":"https:\/\/schema.org","@graph":[{"@type":"WebPage","@id":"https:\/\/missionpharma.com\/fr\/contact\/","url":"https:\/\/missionpharma.com\/fr\/contact\/","name":"Missionpharma - Contacts","isPartOf":{"@id":"https:\/\/missionpharma.com\/#website"},"datePublished":"2016-11-09T08:38:43+00:00","dateModified":"2025-10-24T08:07:00+00:00","description":"Notre si\u00e8ge se trouve au Danemark et nous avons des filiales et bureaux r\u00e9gionaux en Europe, Inde, Chine et Afrique.","breadcrumb":{"@id":"https:\/\/missionpharma.com\/fr\/contact\/#breadcrumb"},"inLanguage":"fr-FR","potentialAction":[{"@type":"ReadAction","target":["https:\/\/missionpharma.com\/fr\/contact\/"]}]},{"@type":"BreadcrumbList","@id":"https:\/\/missionpharma.com\/fr\/contact\/#breadcrumb","itemListElement":[{"@type":"ListItem","position":1,"name":"Home","item":"https:\/\/missionpharma.com\/fr\/"},{"@type":"ListItem","position":2,"name":"Contact"}]},{"@type":"WebSite","@id":"https:\/\/missionpharma.com\/#website","url":"https:\/\/missionpharma.com\/","name":"Missionpharma","description":"On a mission for better health","potentialAction":[{"@type":"SearchAction","target":{"@type":"EntryPoint","urlTemplate":"https:\/\/missionpharma.com\/?s={search_term_string}"},"query-input":{"@type":"PropertyValueSpecification","valueRequired":true,"valueName":"search_term_string"}}],"inLanguage":"fr-FR"}]}},"_links":{"self":[{"href":"https:\/\/missionpharma.com\/fr\/wp-json\/wp\/v2\/pages\/1091","targetHints":{"allow":["GET"]}}],"collection":[{"href":"https:\/\/missionpharma.com\/fr\/wp-json\/wp\/v2\/pages"}],"about":[{"href":"https:\/\/missionpharma.com\/fr\/wp-json\/wp\/v2\/types\/page"}],"author":[{"embeddable":true,"href":"https:\/\/missionpharma.com\/fr\/wp-json\/wp\/v2\/users\/4"}],"replies":[{"embeddable":true,"href":"https:\/\/missionpharma.com\/fr\/wp-json\/wp\/v2\/comments?post=1091"}],"version-history":[{"count":0,"href":"https:\/\/missionpharma.com\/fr\/wp-json\/wp\/v2\/pages\/1091\/revisions"}],"wp:attachment":[{"href":"https:\/\/missionpharma.com\/fr\/wp-json\/wp\/v2\/media?parent=1091"}],"curies":[{"name":"wp","href":"https:\/\/api.w.org\/{rel}","templated":true}]}}