{"id":1093,"date":"2016-11-09T10:39:25","date_gmt":"2016-11-09T08:39:25","guid":{"rendered":"https:\/\/missionpharma.com\/fr\/cas-equipements-hospitaliers-au-malawi\/"},"modified":"2016-11-11T15:57:43","modified_gmt":"2016-11-11T13:57:43","slug":"cas-equipements-hospitaliers-au-malawi","status":"publish","type":"page","link":"https:\/\/missionpharma.com\/fr\/cas-equipements-hospitaliers-au-malawi\/","title":{"rendered":"CAS\u00a0: \u00c9QUIPEMENTS HOSPITALIERS AU MALAWI"},"content":{"rendered":"<div class=\"\" id=\"cas-equipements-hospitaliers-au-malawi\">\n\t<div class=\"container section toplevel\">\n\t\t<div class=\"title-container\">\n\t\t\t\t\t\t<h2>CAS\u00a0: \u00c9quipements hospitaliers au Malawi<\/h2>\n\t\t\t\t\t<\/div>\n\t\t<div class=\"left-sidebar\">\n\t\t<div class=\"internal-navigation\">\n\t\t\t\t\t<a href=\"#cas-equipements-hospitaliers-au-malawi\" class=\"smooth toplevel active\">CAS\u00a0: \u00c9quipements hospitaliers au Malawi<\/a>\n\t\t\t\t<\/div>\n\t<div class=\"quote orange\"><blockquote><p>Nous sommes fiers de l\u2019impact positif que nous apportons aux patients et au personnel m\u00e9dical du Malawi.<\/p><\/blockquote>\n<p>Finn K. Jensen, Responsable r\u00e9gional<\/p>\n<\/div>\n<\/div>\t\t<div class=\"main-content\">\n\t\t<p class=\"lead\">Chaque ann\u00e9e, des milliers d&rsquo;accidents se produisent le long de l&rsquo;autoroute M1, qui traverse le Malawi sur plus de 1\u00a0000\u00a0km. La s\u00e9curit\u00e9 est une pr\u00e9occupation importante pour le gouvernement. L&rsquo;acc\u00e8s imm\u00e9diat \u00e0 des traitements m\u00e9dicaux professionnels est crucial, et Missionpharma est fier d&rsquo;y contribuer au Malawi.<\/p>\n<p>\u00ab\u00a0Nous avons jou\u00e9 un r\u00f4le central dans l&rsquo;am\u00e9lioration des services sanitaires le long de l&rsquo;autoroute,\u00a0\u00bb explique Finn K. Jensen, Responsable r\u00e9gional pour Missionpharma. Nous avons \u00e9tabli pas moins de cinq nouveaux centres de traumatologie le long de la route, et nous avons am\u00e9lior\u00e9 des douzaines de centres m\u00e9dicaux dans des districts r\u00e9partis dans l&rsquo;ensemble du Malawi &#8211; pour que les bless\u00e9s aient acc\u00e8s \u00e0 des traitements m\u00e9dicaux rapides et efficaces.<\/p>\n<p><img loading=\"lazy\" decoding=\"async\" class=\"size-medium wp-image-385 aligncenter\" src=\"https:\/\/missionpharma.com\/wp-content\/uploads\/2016\/04\/Malawi-case-600x450.jpg\" alt=\"Malawi case\" width=\"600\" height=\"450\" srcset=\"https:\/\/missionpharma.com\/wp-content\/uploads\/2016\/04\/Malawi-case-600x450.jpg 600w, https:\/\/missionpharma.com\/wp-content\/uploads\/2016\/04\/Malawi-case.jpg 833w\" sizes=\"auto, (max-width: 600px) 100vw, 600px\" \/><\/p>\n<p>Missionpharma a fourni aux nouveaux centres de traumatologie et aux centres m\u00e9dicaux une grande diversit\u00e9 d\u2019\u00e9quipement orthop\u00e9dique, d\u2019\u00e9quipement de r\u00e9\u00e9ducation et d\u2019\u00e9quipement hospitalier g\u00e9n\u00e9ral. \u00ab\u00a0Non seulement nous avons fourni les produits demand\u00e9s, mais nous avons assur\u00e9 le transport de l&rsquo;\u00e9quipement jusqu&rsquo;aux infrastructures m\u00e9dicales dans tout le Malawi &#8211; souvent dans des zones difficiles d&rsquo;acc\u00e8s\u00a0<span>\u00bb<\/span>\u00a0poursuit Finn K. Jensen.<\/p>\n<p><span>\u00ab\u00a0<\/span>Quand nous fournissons un \u00e9quipement hospitalier, nous ne nous limitons pas \u00e0 sa livraison, nous nous occupons aussi de son installation, de sa maintenance et de son entretien correct afin de garantir une utilisation optimale <span>\u00bb<\/span>\u00a0souligne Finn K. Jensen. <span>\u00ab\u00a0<\/span>Les techniciens locaux des infrastructures m\u00e9dicales doivent \u00eatre suffisamment form\u00e9s \u00e0 l&rsquo;installation et \u00e0 l&rsquo;utilisation de l&rsquo;\u00e9quipement. Un service apr\u00e8s-vente suffisant doit \u00eatre assur\u00e9, un service dispens\u00e9 au Malawi par des techniciens locaux d\u00e9l\u00e9gu\u00e9s par Missionpharma.\u00a0\u00bb<\/p>\n<p>\u00a0<\/p>\n<p><\/p>\n\t<div class=\"breaker type-2 \">\n\t\t<div class=\"left boxed size-regular lightgrey opacity-70\">\n\t\t\t\t\t\t<div class=\"textbox-text\"><blockquote style=\"color: #323c5a;\"><p>Quand nous fournissons un \u00e9quipement hospitalier, nous ne nous limitons pas \u00e0 sa livraison, nous nous occupons aussi de son installation, de sa maintenance et de son entretien correct afin de garantir une utilisation optimale.<\/p><\/blockquote>\n<p><span style=\"color: #323c5a;\">Finn K. Jensen, Responsable r\u00e9gional<\/span><\/p>\n<\/div>\n\t\t<\/div>\n\t\t<div class=\"right\">\n\t\t\t<img decoding=\"async\" src=\"https:\/\/missionpharma.com\/wp-content\/uploads\/2016\/08\/Malawi-case2-600x400.jpg\" srcset=\"\" sizes=\"(max-width: 600px) 100vw, 600px\" class=\"\">\t\t<\/div>\n\t<\/div>\n<p>Pour garantir une utilisation optimale des produits \u00e0 long terme, Missionpharma a effectu\u00e9, en collaboration avec un technicien local et notre agent au Malawi, une inspection des centres sanitaires un an apr\u00e8s l&rsquo;ach\u00e8vement du contrat.<\/p>\n<p>\u00ab\u00a0Il est tr\u00e8s satisfaisant de constater personnellement ce que nous avons accompli au Malawi, conclut Finn K. Jensen. Nous sommes fiers de l\u2019impact positif que nous apportons aux patients et au personnel m\u00e9dical. Nous pouvons constater la concr\u00e9tisation de nos ambitions de contribuer au progr\u00e8s en Afrique.\u00a0\u00bb<\/p>\n<p>\u00a0<\/p>\n<p><a href=\"https:\/\/missionpharma.com\/fr\/produits\/#cas\">Lire d\u2019autres cas<\/a><\/p>\n\t\t<\/div>\n\t\t<div class=\"right-sidebar\">\n<div class=\"wysiwyg\"><p><img loading=\"lazy\" decoding=\"async\" src=\"https:\/\/missionpharma.com\/wp-content\/uploads\/2016\/11\/Malawi_Case_Map_FR-309x600.jpg\" width=\"309\" height=\"600\" class=\"alignnone wp-image-1209 size-medium\" srcset=\"https:\/\/missionpharma.com\/wp-content\/uploads\/2016\/11\/Malawi_Case_Map_FR-309x600.jpg 309w, https:\/\/missionpharma.com\/wp-content\/uploads\/2016\/11\/Malawi_Case_Map_FR-824x1600.jpg 824w, https:\/\/missionpharma.com\/wp-content\/uploads\/2016\/11\/Malawi_Case_Map_FR.jpg 1288w\" sizes=\"auto, (max-width: 309px) 100vw, 309px\" \/><\/p>\n<p>Missionpharma a fourni de l\u2019\u00e9quipement hospitalier <br \/> \u00e0 des centres de traumatologie et des centres m\u00e9dicaux situ\u00e9s le long de l\u2019autoroute M1 au Malawi<\/p>\n<\/div>\n<\/div>\t<\/div>\n<\/div>\n","protected":false},"excerpt":{"rendered":"<p>CAS\u00a0: \u00c9quipements hospitaliers au Malawi CAS\u00a0: \u00c9quipements hospitaliers au Malawi Nous sommes fiers de l\u2019impact positif que nous apportons aux patients et au personnel m\u00e9dical du Malawi. Finn K. Jensen, Responsable r\u00e9gional Chaque ann\u00e9e, des milliers d&rsquo;accidents se produisent le long de l&rsquo;autoroute M1, qui traverse le Malawi sur plus de 1\u00a0000\u00a0km. La s\u00e9curit\u00e9 est [&hellip;]<\/p>\n","protected":false},"author":4,"featured_media":0,"parent":0,"menu_order":0,"comment_status":"closed","ping_status":"closed","template":"template-case.php","meta":{"_acf_changed":false,"_relevanssi_hide_post":"","_relevanssi_hide_content":"","_relevanssi_pin_for_all":"","_relevanssi_pin_keywords":"","_relevanssi_unpin_keywords":"","_relevanssi_related_keywords":"","_relevanssi_related_include_ids":"","_relevanssi_related_exclude_ids":"","_relevanssi_related_no_append":"","_relevanssi_related_not_related":"","_relevanssi_related_posts":"","_relevanssi_noindex_reason":"","_monsterinsights_skip_tracking":false,"_monsterinsights_sitenote_active":false,"_monsterinsights_sitenote_note":"","_monsterinsights_sitenote_category":0,"footnotes":""},"class_list":["post-1093","page","type-page","status-publish","hentry"],"acf":[],"yoast_head":"<!-- This site is optimized with the Yoast SEO plugin v27.4 - https:\/\/yoast.com\/product\/yoast-seo-wordpress\/ -->\n<title>CAS\u00a0: \u00c9QUIPEMENTS HOSPITALIERS AU MALAWI - Missionpharma<\/title>\n<meta name=\"robots\" content=\"index, follow, max-snippet:-1, max-image-preview:large, max-video-preview:-1\" \/>\n<link rel=\"canonical\" href=\"https:\/\/missionpharma.com\/fr\/cas-equipements-hospitaliers-au-malawi\/\" \/>\n<meta property=\"og:locale\" content=\"fr_FR\" \/>\n<meta property=\"og:type\" content=\"article\" \/>\n<meta property=\"og:title\" content=\"CAS\u00a0: \u00c9QUIPEMENTS HOSPITALIERS AU MALAWI - Missionpharma\" \/>\n<meta property=\"og:description\" content=\"CAS\u00a0: \u00c9quipements hospitaliers au Malawi CAS\u00a0: \u00c9quipements hospitaliers au Malawi Nous sommes fiers de l\u2019impact positif que nous apportons aux patients et au personnel m\u00e9dical du Malawi. Finn K. Jensen, Responsable r\u00e9gional Chaque ann\u00e9e, des milliers d&rsquo;accidents se produisent le long de l&rsquo;autoroute M1, qui traverse le Malawi sur plus de 1\u00a0000\u00a0km. La s\u00e9curit\u00e9 est [&hellip;]\" \/>\n<meta property=\"og:url\" content=\"https:\/\/missionpharma.com\/fr\/cas-equipements-hospitaliers-au-malawi\/\" \/>\n<meta property=\"og:site_name\" content=\"Missionpharma\" \/>\n<meta property=\"article:modified_time\" content=\"2016-11-11T13:57:43+00:00\" \/>\n<meta name=\"twitter:card\" content=\"summary_large_image\" \/>\n<script type=\"application\/ld+json\" class=\"yoast-schema-graph\">{\"@context\":\"https:\\\/\\\/schema.org\",\"@graph\":[{\"@type\":\"WebPage\",\"@id\":\"https:\\\/\\\/missionpharma.com\\\/fr\\\/cas-equipements-hospitaliers-au-malawi\\\/\",\"url\":\"https:\\\/\\\/missionpharma.com\\\/fr\\\/cas-equipements-hospitaliers-au-malawi\\\/\",\"name\":\"CAS\u00a0: \u00c9QUIPEMENTS HOSPITALIERS AU MALAWI - Missionpharma\",\"isPartOf\":{\"@id\":\"https:\\\/\\\/missionpharma.com\\\/#website\"},\"datePublished\":\"2016-11-09T08:39:25+00:00\",\"dateModified\":\"2016-11-11T13:57:43+00:00\",\"breadcrumb\":{\"@id\":\"https:\\\/\\\/missionpharma.com\\\/fr\\\/cas-equipements-hospitaliers-au-malawi\\\/#breadcrumb\"},\"inLanguage\":\"fr-FR\",\"potentialAction\":[{\"@type\":\"ReadAction\",\"target\":[\"https:\\\/\\\/missionpharma.com\\\/fr\\\/cas-equipements-hospitaliers-au-malawi\\\/\"]}]},{\"@type\":\"BreadcrumbList\",\"@id\":\"https:\\\/\\\/missionpharma.com\\\/fr\\\/cas-equipements-hospitaliers-au-malawi\\\/#breadcrumb\",\"itemListElement\":[{\"@type\":\"ListItem\",\"position\":1,\"name\":\"Home\",\"item\":\"https:\\\/\\\/missionpharma.com\\\/fr\\\/\"},{\"@type\":\"ListItem\",\"position\":2,\"name\":\"CAS\u00a0: \u00c9QUIPEMENTS HOSPITALIERS AU MALAWI\"}]},{\"@type\":\"WebSite\",\"@id\":\"https:\\\/\\\/missionpharma.com\\\/#website\",\"url\":\"https:\\\/\\\/missionpharma.com\\\/\",\"name\":\"Missionpharma\",\"description\":\"On a mission for better health\",\"potentialAction\":[{\"@type\":\"SearchAction\",\"target\":{\"@type\":\"EntryPoint\",\"urlTemplate\":\"https:\\\/\\\/missionpharma.com\\\/?s={search_term_string}\"},\"query-input\":{\"@type\":\"PropertyValueSpecification\",\"valueRequired\":true,\"valueName\":\"search_term_string\"}}],\"inLanguage\":\"fr-FR\"}]}<\/script>\n<!-- \/ Yoast SEO plugin. -->","yoast_head_json":{"title":"CAS\u00a0: \u00c9QUIPEMENTS HOSPITALIERS AU MALAWI - Missionpharma","robots":{"index":"index","follow":"follow","max-snippet":"max-snippet:-1","max-image-preview":"max-image-preview:large","max-video-preview":"max-video-preview:-1"},"canonical":"https:\/\/missionpharma.com\/fr\/cas-equipements-hospitaliers-au-malawi\/","og_locale":"fr_FR","og_type":"article","og_title":"CAS\u00a0: \u00c9QUIPEMENTS HOSPITALIERS AU MALAWI - Missionpharma","og_description":"CAS\u00a0: \u00c9quipements hospitaliers au Malawi CAS\u00a0: \u00c9quipements hospitaliers au Malawi Nous sommes fiers de l\u2019impact positif que nous apportons aux patients et au personnel m\u00e9dical du Malawi. Finn K. Jensen, Responsable r\u00e9gional Chaque ann\u00e9e, des milliers d&rsquo;accidents se produisent le long de l&rsquo;autoroute M1, qui traverse le Malawi sur plus de 1\u00a0000\u00a0km. La s\u00e9curit\u00e9 est [&hellip;]","og_url":"https:\/\/missionpharma.com\/fr\/cas-equipements-hospitaliers-au-malawi\/","og_site_name":"Missionpharma","article_modified_time":"2016-11-11T13:57:43+00:00","twitter_card":"summary_large_image","schema":{"@context":"https:\/\/schema.org","@graph":[{"@type":"WebPage","@id":"https:\/\/missionpharma.com\/fr\/cas-equipements-hospitaliers-au-malawi\/","url":"https:\/\/missionpharma.com\/fr\/cas-equipements-hospitaliers-au-malawi\/","name":"CAS\u00a0: \u00c9QUIPEMENTS HOSPITALIERS AU MALAWI - Missionpharma","isPartOf":{"@id":"https:\/\/missionpharma.com\/#website"},"datePublished":"2016-11-09T08:39:25+00:00","dateModified":"2016-11-11T13:57:43+00:00","breadcrumb":{"@id":"https:\/\/missionpharma.com\/fr\/cas-equipements-hospitaliers-au-malawi\/#breadcrumb"},"inLanguage":"fr-FR","potentialAction":[{"@type":"ReadAction","target":["https:\/\/missionpharma.com\/fr\/cas-equipements-hospitaliers-au-malawi\/"]}]},{"@type":"BreadcrumbList","@id":"https:\/\/missionpharma.com\/fr\/cas-equipements-hospitaliers-au-malawi\/#breadcrumb","itemListElement":[{"@type":"ListItem","position":1,"name":"Home","item":"https:\/\/missionpharma.com\/fr\/"},{"@type":"ListItem","position":2,"name":"CAS\u00a0: \u00c9QUIPEMENTS HOSPITALIERS AU MALAWI"}]},{"@type":"WebSite","@id":"https:\/\/missionpharma.com\/#website","url":"https:\/\/missionpharma.com\/","name":"Missionpharma","description":"On a mission for better health","potentialAction":[{"@type":"SearchAction","target":{"@type":"EntryPoint","urlTemplate":"https:\/\/missionpharma.com\/?s={search_term_string}"},"query-input":{"@type":"PropertyValueSpecification","valueRequired":true,"valueName":"search_term_string"}}],"inLanguage":"fr-FR"}]}},"_links":{"self":[{"href":"https:\/\/missionpharma.com\/fr\/wp-json\/wp\/v2\/pages\/1093","targetHints":{"allow":["GET"]}}],"collection":[{"href":"https:\/\/missionpharma.com\/fr\/wp-json\/wp\/v2\/pages"}],"about":[{"href":"https:\/\/missionpharma.com\/fr\/wp-json\/wp\/v2\/types\/page"}],"author":[{"embeddable":true,"href":"https:\/\/missionpharma.com\/fr\/wp-json\/wp\/v2\/users\/4"}],"replies":[{"embeddable":true,"href":"https:\/\/missionpharma.com\/fr\/wp-json\/wp\/v2\/comments?post=1093"}],"version-history":[{"count":0,"href":"https:\/\/missionpharma.com\/fr\/wp-json\/wp\/v2\/pages\/1093\/revisions"}],"wp:attachment":[{"href":"https:\/\/missionpharma.com\/fr\/wp-json\/wp\/v2\/media?parent=1093"}],"curies":[{"name":"wp","href":"https:\/\/api.w.org\/{rel}","templated":true}]}}